{"id":2053,"date":"2026-04-28T09:51:55","date_gmt":"2026-04-28T15:51:55","guid":{"rendered":"https:\/\/www.security-one.com.mx\/?page_id=2053"},"modified":"2026-04-28T10:25:01","modified_gmt":"2026-04-28T16:25:01","slug":"politica-de-cookies","status":"publish","type":"page","link":"https:\/\/www.security-one.com.mx\/?page_id=2053","title":{"rendered":"Pol\u00edtica de Cookies"},"content":{"rendered":"\n<h3><strong>\u00bfQu\u00e9 son las \u201ccookies\u201d?<\/strong><\/h3>\n\n\n\n<p>Las cookies constituyen una herramienta empleada por los servidores Web para almacenar y recuperar informaci\u00f3n acerca de sus visitantes. No es m\u00e1s que un identificador \u00fanico en forma de archivo de texto que algunos servidores remiten al dispositivo del usuario, para registrar informaci\u00f3n acerca de lo que hemos estado haciendo por sus p\u00e1ginas, permitiendo as\u00ed mejorar la calidad y seguridad de la p\u00e1gina web. Poseen una fecha de caducidad, que puede oscilar desde el tiempo que dure la sesi\u00f3n, hasta una fecha futura especificada a partir de la cual dejan de ser operativas.<\/p>\n\n\n\n<h3><strong>Utilidad de las cookies en este Sitio Web<\/strong><\/h3>\n\n\n\n<p>En este Sitio Web se utilizan cookies para facilitar la navegaci\u00f3n del Portal, por motivos de seguridad y para obtener una mayor eficacia y personalizaci\u00f3n de los servicios ofrecidos a los Usuarios.<\/p>\n\n\n\n<h3><strong>Tipos de Cookies empleadas en este Sitio Web<\/strong><\/h3>\n\n\n\n<p><strong>Cookies de Sesi\u00f3n<\/strong>: Expiran cuando el usuario cierra el navegador.<\/p>\n\n\n\n<p><strong>Cookies Permanentes<\/strong>: Expiran cuando se cumple el objetivo para el que sirven (por ejemplo, el usuario se mantiene identificado en las webs) o bien, cuando se borran manualmente.<\/p>\n\n\n\n<h3><strong>Administraci\u00f3n de las cookies en los navegadores<\/strong><\/h3>\n\n\n\n<p>Puede permitir, bloquear o eliminar las cookies instaladas en su equipo mediante la configuraci\u00f3n de las opciones de su navegador de Internet, por mencionar algunas:<\/p>\n\n\n\n<p><a href=\"https:\/\/support.google.com\/chrome\/answer\/95647?hl=es\" target=\"_blank\" rel=\"noreferrer noopener\">Google Chrome<\/a><br><a href=\"http:\/\/support.mozilla.org\/es\/kb\/habilitar-y-deshabilitar-cookies-que-los-sitios-we\" target=\"_blank\" rel=\"noreferrer noopener\">Mozilla Firefox<\/a><br><a href=\"http:\/\/windows.microsoft.com\/es-es\/windows-vista\/block-or-allow-cookies\" target=\"_blank\" rel=\"noreferrer noopener\">Internet Explorer<\/a><\/p>\n\n\n\n<p>Si rechaza la instalaci\u00f3n de cookies podr\u00e1 seguir usando el sitio web, aunque el uso de algunos de sus servicios podr\u00e1 ser limitado y por tanto su experiencia en nuestro sitio web resultar menos satisfactoria.<\/p>\n\n\n\n<h3><strong>Desactivaci\u00f3n o eliminaci\u00f3n de cookies<\/strong><\/h3>\n\n\n\n<p>En cualquier momento podr\u00e1 ejercer su derecho de desactivaci\u00f3n o eliminaci\u00f3n de cookies de este sitio web. Estas acciones se realizan de forma diferente en funci\u00f3n del navegador que est\u00e9 usando.<\/p>\n\n\n\n<p>A continuaci\u00f3n, le indicamos c\u00f3mo acceder a una cookie determinada del navegador\u00a0<strong>Chrome<\/strong>.<\/p>\n\n\n\n<p><em>Nota: estos pasos pueden variar en funci\u00f3n de la versi\u00f3n del navegador:<\/em><\/p>\n\n\n\n<ol><li>Vaya a Configuraci\u00f3n o Preferencias mediante el men\u00fa Archivo o bien pinchando el icono de personalizaci\u00f3n que aparece arriba a la derecha.<\/li><li>Ver\u00e1 diferentes secciones, pinche la opci\u00f3n Mostrar opciones avanzadas.<\/li><li>Vaya a Privacidad, Configuraci\u00f3n de contenido.<\/li><li>Seleccione Todas las cookies y los datos de sitios.<\/li><li>Aparecer\u00e1 un listado con todas las cookies ordenadas por dominio. Para que le sea m\u00e1s f\u00e1cil encontrar las cookies de un determinado dominio introduzca parcial o totalmente la direcci\u00f3n en el campo Buscar cookies.<\/li><li>Tras realizar este filtro aparecer\u00e1n en pantalla una o varias l\u00edneas con las cookies de la web solicitada. Ahora s\u00f3lo tiene que seleccionarla y pulsar la X para proceder a su eliminaci\u00f3n.<\/li><\/ol>\n\n\n\n<p>Para acceder a la configuraci\u00f3n de cookies del navegador\u00a0<strong>Internet Explorer<\/strong>\u00a0siga estos pasos (pueden variar en funci\u00f3n de la versi\u00f3n del navegador):<\/p>\n\n\n\n<ol><li>Vaya a Herramientas, Opciones de Internet.<\/li><li>Haga click en Privacidad.<\/li><li>Mueva el deslizador hasta ajustar el nivel de privacidad que desee.<\/li><\/ol>\n\n\n\n<p>Para acceder a la configuraci\u00f3n de cookies del navegador\u00a0<strong>Firefox<\/strong>\u00a0siga estos pasos (pueden variar en funci\u00f3n de la versi\u00f3n del navegador):<\/p>\n\n\n\n<ol><li>Vaya a Opciones o Preferencias seg\u00fan su sistema operativo.<\/li><li>Haga click en Privacidad.<\/li><li>En Historial elija Usar una configuraci\u00f3n personalizada para el historial.<\/li><li>Ahora ver\u00e1 la opci\u00f3n Aceptar cookies, puede activarla o desactivarla seg\u00fan sus preferencias.<\/li><\/ol>\n\n\n\n<p>Para acceder a la configuraci\u00f3n de cookies del navegador\u00a0<strong>Safari<\/strong>\u00a0para\u00a0<strong>OSX<\/strong>\u00a0siga estos pasos (pueden variar en funci\u00f3n de la versi\u00f3n del navegador):<\/p>\n\n\n\n<ol><li>Vaya a Preferencias, luego Privacidad.<\/li><li>En este lugar ver\u00e1 la opci\u00f3n Bloquear cookies para que ajuste el tipo de bloqueo que desea realizar.<\/li><\/ol>\n\n\n\n<p>Para acceder a la configuraci\u00f3n de cookies del navegador\u00a0<strong>Safari<\/strong>\u00a0para\u00a0<strong>iOS<\/strong>\u00a0siga estos pasos (pueden variar en funci\u00f3n de la versi\u00f3n del navegador):<\/p>\n\n\n\n<ol><li>Vaya a Ajustes, luego Safari.<\/li><li>Vaya a Privacidad y Seguridad, ver\u00e1 la opci\u00f3n Bloquear cookies para que ajuste el tipo de bloqueo que desea realizar.<\/li><\/ol>\n\n\n\n<p>Para acceder a la configuraci\u00f3n de cookies del navegador para dispositivos\u00a0<strong>Android<\/strong>\u00a0siga estos pasos (pueden variar en funci\u00f3n de la versi\u00f3n del navegador):<\/p>\n\n\n\n<ol><li>Ejecute el navegador y pulse la tecla Men\u00fa, luego Ajustes.<\/li><li>Vaya a Seguridad y Privacidad, ver\u00e1 la opci\u00f3n Aceptar cookies para que active o desactive la casilla.<\/li><\/ol>\n\n\n\n<p>Para acceder a la configuraci\u00f3n de cookies del navegador para dispositivos\u00a0<strong>Windows Phone<\/strong>\u00a0siga estos pasos (pueden variar en funci\u00f3n de la versi\u00f3n del navegador):<\/p>\n\n\n\n<ol><li>Abra Internet Explorer, luego M\u00e1s, luego Configuraci\u00f3n.<\/li><li>Ahora puede activar o desactivar la casilla Permitir cookies.<\/li><\/ol>\n","protected":false},"excerpt":{"rendered":"<p>\u00bfQu\u00e9 son las \u201ccookies\u201d? Las cookies constituyen una herramienta empleada por los servidores Web para almacenar y recuperar informaci\u00f3n acerca de sus visitantes. No es m\u00e1s que un identificador \u00fanico &#8230;<\/p>\n","protected":false},"author":4,"featured_media":0,"parent":0,"menu_order":0,"comment_status":"closed","ping_status":"closed","template":"template-fullwidth.php","meta":[],"_links":{"self":[{"href":"https:\/\/www.security-one.com.mx\/index.php?rest_route=\/wp\/v2\/pages\/2053"}],"collection":[{"href":"https:\/\/www.security-one.com.mx\/index.php?rest_route=\/wp\/v2\/pages"}],"about":[{"href":"https:\/\/www.security-one.com.mx\/index.php?rest_route=\/wp\/v2\/types\/page"}],"author":[{"embeddable":true,"href":"https:\/\/www.security-one.com.mx\/index.php?rest_route=\/wp\/v2\/users\/4"}],"replies":[{"embeddable":true,"href":"https:\/\/www.security-one.com.mx\/index.php?rest_route=%2Fwp%2Fv2%2Fcomments&post=2053"}],"version-history":[{"count":8,"href":"https:\/\/www.security-one.com.mx\/index.php?rest_route=\/wp\/v2\/pages\/2053\/revisions"}],"predecessor-version":[{"id":2066,"href":"https:\/\/www.security-one.com.mx\/index.php?rest_route=\/wp\/v2\/pages\/2053\/revisions\/2066"}],"wp:attachment":[{"href":"https:\/\/www.security-one.com.mx\/index.php?rest_route=%2Fwp%2Fv2%2Fmedia&parent=2053"}],"curies":[{"name":"wp","href":"https:\/\/api.w.org\/{rel}","templated":true}]}}