{"id":1767,"date":"2020-08-11T12:59:55","date_gmt":"2020-08-11T17:59:55","guid":{"rendered":"https:\/\/www.security-one.com.mx\/?page_id=1767"},"modified":"2024-02-19T17:57:51","modified_gmt":"2024-02-19T23:57:51","slug":"aplicaciones-2","status":"publish","type":"page","link":"https:\/\/www.security-one.com.mx\/?page_id=1767","title":{"rendered":"Aplicaciones"},"content":{"rendered":"\n<h2><img loading=\"lazy\" width=\"18\" height=\"36\" class=\"wp-image-1633\" style=\"width: 18px;\" src=\"https:\/\/www.security-one.com.mx\/wp-content\/uploads\/2020\/08\/Bullet04.png\" alt=\"\">Balanceadores de carga<\/h2>\n\n\n\n<p>Los balanceadores de carga generalmente vienen en dos formas: basados en hardware y basados en software, la funci\u00f3n de un balanceador de carga es la distribuci\u00f3n del tr\u00e1fico de red, por ejemplo, el uso de balanceo de carga con m\u00faltiples enlaces WAN puede proporcionar simult\u00e1neamente una salida de tr\u00e1fico con un ancho de banda eficiente y optimizado.<\/p>\n\n\n\n<p>Existen diferentes algoritmos de equilibrio de balanceador de carga (Round Robin, Least Connections, IP Hash) para diferentes beneficios.<\/p>\n\n\n\n<hr class=\"wp-block-separator\"\/>\n\n\n\n<h2><img loading=\"lazy\" width=\"18\" height=\"36\" class=\"wp-image-1633\" style=\"width: 18px;\" src=\"https:\/\/www.security-one.com.mx\/wp-content\/uploads\/2020\/08\/Bullet04.png\" alt=\"\">Appliance DNS<\/h2>\n\n\n\n<p>Domain Name System (DNS), su funci\u00f3n principal es traducir la direcci\u00f3n real que es una direcci\u00f3n IP en el nombre del dominio.<\/p>\n\n\n\n<p>Disfrute de una red confiable y receptiva que permite servicios centrales y acelera el rendimiento y la disponibilidad de las aplicaciones.<\/p>\n\n\n\n<p>Nuestras soluciones DNS ricas en funciones se pueden implementar en entornos locales, virtuales y en la nube.<\/p>\n\n\n\n<hr class=\"wp-block-separator\"\/>\n\n\n\n<h2><img loading=\"lazy\" width=\"18\" height=\"36\" class=\"wp-image-1633\" style=\"width: 18px;\" src=\"https:\/\/www.security-one.com.mx\/wp-content\/uploads\/2020\/08\/Bullet04.png\" alt=\"\">Appliance DHCP<\/h2>\n\n\n\n<p>DHCP significa protocolo de configuraci\u00f3n de host din\u00e1mico y es un protocolo de red utilizado en redes IP donde un servidor DHCP asigna autom\u00e1ticamente una direcci\u00f3n IP y otra informaci\u00f3n a cada host en la red para que puedan comunicarse de manera eficiente con otros puntos finales. <\/p>\n\n\n\n<p>Aumente la seguridad y la disponibilidad, logre una arquitectura m\u00e1s escalable y obtenga soporte de doble pila en las infraestructuras h\u00edbridas de TI y de m\u00faltiples nubes.<\/p>\n\n\n\n<p>Nuestra soluci\u00f3n DHCP tambi\u00e9n lo ayuda a aprovechar al m\u00e1ximo el espacio limitado de IPv4 y el entorno de IPv6.<\/p>\n\n\n\n<hr class=\"wp-block-separator\"\/>\n\n\n\n<h2><img loading=\"lazy\" width=\"18\" height=\"36\" class=\"wp-image-1633\" style=\"width: 18px;\" src=\"https:\/\/www.security-one.com.mx\/wp-content\/uploads\/2020\/08\/Bullet04.png\" alt=\"\">Analizador de protocolos<\/h2>\n\n\n\n<p>Un analizador de protocolos son herramientas que permiten capturar el tr\u00e1fico de la red y realizar an\u00e1lisis de los datos capturados para identificar problemas con el tr\u00e1fico de la red o posible actividad maliciosa.<\/p>\n\n\n\n<p>El tr\u00e1fico de datos se observa en tiempo real para la soluci\u00f3n de problemas, identificaci\u00f3n de amenazas en la red, o an\u00e1lisis forenses en el caso de que se descubra una falla en la red.<\/p>\n\n\n\n<hr class=\"wp-block-separator\"\/>\n\n\n\n<h2><img loading=\"lazy\" width=\"18\" height=\"36\" class=\"wp-image-1633\" style=\"width: 18px;\" src=\"https:\/\/www.security-one.com.mx\/wp-content\/uploads\/2020\/08\/Bullet04.png\" alt=\"\">Monitoreo en Base de Datos<\/h2>\n\n\n\n<p>La soluci\u00f3n que ofrecemos permite monitorear y administrar bases de datos Oracle, MS SQL, Sybase, IBM DB2, es una herramienta de supervisi\u00f3n sin agente que ejecuta consultas de bases de datos para recopilar estad\u00edsticas de rendimiento y enviar alarmas, si el rendimiento de la base de datos supera el umbral configurado.<\/p>\n\n\n\n<hr class=\"wp-block-separator\"\/>\n\n\n\n<h2><img loading=\"lazy\" width=\"18\" height=\"36\" class=\"wp-image-1633\" style=\"width: 18px;\" src=\"https:\/\/www.security-one.com.mx\/wp-content\/uploads\/2020\/08\/Bullet04.png\" alt=\"\">Optimizaci\u00f3n de Red (aplicaciones)<\/h2>\n\n\n\n<p>Ofrecemos soluciones que aceleran aplicaciones y transferencia de datos sobre redes WAN y hibridas, incrementando el desempe\u00f1o y habilitando a IT a tener control y visibilidad entre centros de datos y oficinas remotas, en la nube y usuarios m\u00f3viles.<\/p>\n\n\n\n<hr class=\"wp-block-separator\"\/>\n\n\n\n<p><strong>*<\/strong>Permite que <strong><a href=\"https:\/\/www.security-one.com.mx\/#contacto\" style=\"text-decoration: underline;\">nuestro equipo te asesore <\/a><\/strong>.<\/p>\n\n\n\n<hr class=\"wp-block-separator\"\/>\n\n\n\n<div style=\"margin-bottom:3em;\" class=\"wp-block-button\"><a class=\"wp-block-button__link has-text-color has-background back-to-top\" href=\"#page\" style=\"background-color:#4c4c4c;color:#ffffff;padding-top: 2px;padding-bottom: 2px;\">\u21e7<\/a><\/div>\n","protected":false},"excerpt":{"rendered":"<p>Balanceadores de Carga, Appliance DNS y DHCP, Analizador de Protocolos, Monitoreo en Bases de Datos, Optimizaci\u00f3n de Red.<\/p>\n","protected":false},"author":4,"featured_media":1929,"parent":0,"menu_order":0,"comment_status":"closed","ping_status":"closed","template":"template-fullwidth.php","meta":[],"_links":{"self":[{"href":"https:\/\/www.security-one.com.mx\/index.php?rest_route=\/wp\/v2\/pages\/1767"}],"collection":[{"href":"https:\/\/www.security-one.com.mx\/index.php?rest_route=\/wp\/v2\/pages"}],"about":[{"href":"https:\/\/www.security-one.com.mx\/index.php?rest_route=\/wp\/v2\/types\/page"}],"author":[{"embeddable":true,"href":"https:\/\/www.security-one.com.mx\/index.php?rest_route=\/wp\/v2\/users\/4"}],"replies":[{"embeddable":true,"href":"https:\/\/www.security-one.com.mx\/index.php?rest_route=%2Fwp%2Fv2%2Fcomments&post=1767"}],"version-history":[{"count":25,"href":"https:\/\/www.security-one.com.mx\/index.php?rest_route=\/wp\/v2\/pages\/1767\/revisions"}],"predecessor-version":[{"id":2001,"href":"https:\/\/www.security-one.com.mx\/index.php?rest_route=\/wp\/v2\/pages\/1767\/revisions\/2001"}],"wp:featuredmedia":[{"embeddable":true,"href":"https:\/\/www.security-one.com.mx\/index.php?rest_route=\/wp\/v2\/media\/1929"}],"wp:attachment":[{"href":"https:\/\/www.security-one.com.mx\/index.php?rest_route=%2Fwp%2Fv2%2Fmedia&parent=1767"}],"curies":[{"name":"wp","href":"https:\/\/api.w.org\/{rel}","templated":true}]}}