{"id":1760,"date":"2020-08-11T12:38:06","date_gmt":"2020-08-11T17:38:06","guid":{"rendered":"https:\/\/www.security-one.com.mx\/?page_id=1760"},"modified":"2024-02-19T18:59:09","modified_gmt":"2024-02-20T00:59:09","slug":"redes","status":"publish","type":"page","link":"https:\/\/www.security-one.com.mx\/?page_id=1760","title":{"rendered":"Redes"},"content":{"rendered":"\n<h2><img loading=\"lazy\" width=\"18\" height=\"36\" class=\"wp-image-1633\" style=\"width: 18px;\" src=\"https:\/\/www.security-one.com.mx\/wp-content\/uploads\/2020\/08\/Bullet04.png\" alt=\"\">Switches<\/h2>\n\n\n\n<p>Es un dispositivo de interconexi\u00f3n de equipos dentro de una misma red LAN, sus especificaciones t\u00e9cnicas siguen el est\u00e1ndar IEEE 802.3, reduce la cantidad de dispositivos que recibe cada trama lo que permite minimizar la posibilidad de colisiones.<\/p>\n\n\n\n<p>En la actualidad existen switches para cada parte de la red los cuales son: Access\/Edge, aggregation, branch, core y data center.<\/p>\n\n\n\n<hr class=\"wp-block-separator\"\/>\n\n\n\n<h2><img loading=\"lazy\" width=\"18\" height=\"36\" class=\"wp-image-1633\" style=\"width: 18px;\" src=\"https:\/\/www.security-one.com.mx\/wp-content\/uploads\/2020\/08\/Bullet04.png\" alt=\"\">Routers<\/h2>\n\n\n\n<p>Es un dispositivo de red el cual su funci\u00f3n principal es determinar cu\u00e1l es la ruta m\u00e1s corta para la transmisi\u00f3n de datos entre dos o m\u00e1s redes LAN.<\/p>\n\n\n\n<p>Contamos con Soluciones totalmente probadas y compatibles para enfrentar los desaf\u00edos de diversas redes empresariales y de proveedores de servicios.<\/p>\n\n\n\n<hr class=\"wp-block-separator\"\/>\n\n\n\n<h2><img loading=\"lazy\" width=\"18\" height=\"36\" class=\"wp-image-1633\" style=\"width: 18px;\" src=\"https:\/\/www.security-one.com.mx\/wp-content\/uploads\/2020\/08\/Bullet04.png\" alt=\"\">WiFi<\/h2>\n\n\n\n<p>Permite la interconexi\u00f3n inal\u00e1mbrica entre dispositivos de red. surgi\u00f3 como respuesta a la necesidad de estandarizaci\u00f3n y compatibilidad en los modelos de conexi\u00f3n inal\u00e1mbrica de los diversos dispositivos digitales. Wifi emplea las ondas de radio como veh\u00edculo de transmisi\u00f3n de la informaci\u00f3n.<\/p>\n\n\n\n<p>Ofrecemos Wi-Fi de alta eficiencia y alta capacidad que utiliza las \u00faltimas tecnolog\u00edas para optimizar y proteger el ancho de banda en todos los entornos, contamos con soluciones de gesti\u00f3n centralizada, gesti\u00f3n en la nube y gesti\u00f3n Local.<\/p>\n\n\n\n<hr class=\"wp-block-separator\"\/>\n\n\n\n<h2><img loading=\"lazy\" width=\"18\" height=\"36\" class=\"wp-image-1633\" style=\"width: 18px;\" src=\"https:\/\/www.security-one.com.mx\/wp-content\/uploads\/2020\/08\/Bullet04.png\" alt=\"\">VoIP<\/h2>\n\n\n\n<p>Es una tecnolog\u00eda que proporciona la comunicaci\u00f3n de voz y sesiones multimedia (tales como v\u00eddeo) sobre Protocolo de Internet (IP).<\/p>\n\n\n\n<p>Las soluciones que ofrecemos est\u00e1n dise\u00f1adas para oficinas y redes distribuidas con diferentes tipos de usuarios de tel\u00e9fono. Brindan un control total de llamadas y funciones de comunicaci\u00f3n sofisticadas para prestar un excelente servicio al cliente y una colaboraci\u00f3n eficiente de los empleados. Potentes, asequibles y simples, los sistemas de tel\u00e9fono incluyen todo lo que necesita para manejar las llamadas de manera profesional, controlar los costos de comunicaci\u00f3n y mantenerse conectados en todas partes.<\/p>\n\n\n\n<hr class=\"wp-block-separator\"\/>\n\n\n\n<p><strong>*<\/strong>Permite que <strong><a href=\"https:\/\/www.security-one.com.mx\/#contacto\" style=\"text-decoration: underline;\">nuestro equipo te asesore <\/a><\/strong>.<\/p>\n\n\n\n<hr class=\"wp-block-separator\"\/>\n\n\n\n<div style=\"margin-bottom:3em;\" class=\"wp-block-button\"><a class=\"wp-block-button__link has-text-color has-background back-to-top\" href=\"#page\" style=\"background-color:#4c4c4c;color:#ffffff;padding-top: 2px;padding-bottom: 2px;\">\u21e7<\/a><\/div>\n","protected":false},"excerpt":{"rendered":"<p>Switches, Routers, WiFi, VoIP.<\/p>\n","protected":false},"author":4,"featured_media":1926,"parent":0,"menu_order":0,"comment_status":"closed","ping_status":"closed","template":"template-fullwidth.php","meta":[],"_links":{"self":[{"href":"https:\/\/www.security-one.com.mx\/index.php?rest_route=\/wp\/v2\/pages\/1760"}],"collection":[{"href":"https:\/\/www.security-one.com.mx\/index.php?rest_route=\/wp\/v2\/pages"}],"about":[{"href":"https:\/\/www.security-one.com.mx\/index.php?rest_route=\/wp\/v2\/types\/page"}],"author":[{"embeddable":true,"href":"https:\/\/www.security-one.com.mx\/index.php?rest_route=\/wp\/v2\/users\/4"}],"replies":[{"embeddable":true,"href":"https:\/\/www.security-one.com.mx\/index.php?rest_route=%2Fwp%2Fv2%2Fcomments&post=1760"}],"version-history":[{"count":5,"href":"https:\/\/www.security-one.com.mx\/index.php?rest_route=\/wp\/v2\/pages\/1760\/revisions"}],"predecessor-version":[{"id":2008,"href":"https:\/\/www.security-one.com.mx\/index.php?rest_route=\/wp\/v2\/pages\/1760\/revisions\/2008"}],"wp:featuredmedia":[{"embeddable":true,"href":"https:\/\/www.security-one.com.mx\/index.php?rest_route=\/wp\/v2\/media\/1926"}],"wp:attachment":[{"href":"https:\/\/www.security-one.com.mx\/index.php?rest_route=%2Fwp%2Fv2%2Fmedia&parent=1760"}],"curies":[{"name":"wp","href":"https:\/\/api.w.org\/{rel}","templated":true}]}}