{"id":1675,"date":"2020-08-06T23:39:25","date_gmt":"2020-08-07T04:39:25","guid":{"rendered":"https:\/\/www.security-one.com.mx\/?page_id=1675"},"modified":"2024-02-19T19:00:55","modified_gmt":"2024-02-20T01:00:55","slug":"seguridad-de-informacion","status":"publish","type":"page","link":"https:\/\/www.security-one.com.mx\/?page_id=1675","title":{"rendered":"Seguridad de informaci\u00f3n"},"content":{"rendered":"\n<h2><img loading=\"lazy\" width=\"18\" height=\"36\" class=\"wp-image-1633\" style=\"width: 18px;\" src=\"https:\/\/www.security-one.com.mx\/wp-content\/uploads\/2020\/08\/Bullet04.png\" alt=\"\">Cifrado de la informaci\u00f3n<\/h2>\n\n\n\n<p>Un punto importante en la ciberseguridad es el cifrado de la informaci\u00f3n permitiendo as\u00ed tener a salvo la informaci\u00f3n ante un acceso no autorizado o un mal uso. Consiste en asegurar la informaci\u00f3n en tr\u00e1nsito en la red y almacenada en estaciones de trabajo y servidores, ante un acceso no autorizado o mal uso de la misma.<br>Contamos con ingenieros certificados lo que nos permite implementar, actualizar, optimizar y gestionar las soluciones conforme a las mejores pr\u00e1cticas.<br>Permite que nuestro equipo te asesore con la soluci\u00f3n que mejor se adec\u00fae a las necesidades de la empresa.<\/p>\n\n\n\n<hr class=\"wp-block-separator\"\/>\n\n\n\n<h2><img loading=\"lazy\" width=\"18\" height=\"36\" class=\"wp-image-1633\" style=\"width: 18px;\" src=\"https:\/\/www.security-one.com.mx\/wp-content\/uploads\/2020\/08\/Bullet04.png\" alt=\"\">Control y acceso a la informaci\u00f3n<\/h2>\n\n\n\n<hr class=\"wp-block-separator\"\/>\n\n\n\n<h2><img loading=\"lazy\" width=\"18\" height=\"36\" class=\"wp-image-1633\" style=\"width: 18px;\" src=\"https:\/\/www.security-one.com.mx\/wp-content\/uploads\/2020\/08\/Bullet04.png\" alt=\"\">Seguridad Bases de Datos (Web Application Firewall)<\/h2>\n\n\n\n<p>Web Application Firewall se basa en hardware y software que permite proteger las bases de datos de ataques espec\u00edficos en internet. Se controlan las transacciones la base de datos del cliente. Es un m\u00e9todo recomendado por las normas del sector de las tarjetas de pago (PCI). Nos permite evitar algunos ataques como cross-site scripting, SQL injection, Denial-of-Service. <br>\nPermite que nuestro equipo te asesore con la soluci\u00f3n que mejor se adec\u00fae a las necesidades de la empresa.<\/p>\n\n\n\n<hr class=\"wp-block-separator\"\/>\n\n\n\n<p><strong>*<\/strong>Permite que <strong><a href=\"https:\/\/www.security-one.com.mx\/#contacto\" style=\"text-decoration: underline;\">nuestro equipo te asesore <\/a><\/strong>.<\/p>\n\n\n\n<hr class=\"wp-block-separator\"\/>\n\n\n\n<div style=\"margin-bottom:3em;\" class=\"wp-block-button\"><a class=\"wp-block-button__link has-text-color has-background back-to-top\" href=\"#page\" style=\"background-color:#4c4c4c;color:#ffffff;padding-top: 2px;padding-bottom: 2px;\">\u21e7<\/a><\/div>\n","protected":false},"excerpt":{"rendered":"<p>Cifrado de la informaci\u00f3n Un punto importante en la ciberseguridad es el cifrado de la informaci\u00f3n permitiendo as\u00ed tener a salvo la informaci\u00f3n ante un acceso no autorizado o un &#8230;<\/p>\n","protected":false},"author":4,"featured_media":1935,"parent":0,"menu_order":0,"comment_status":"closed","ping_status":"closed","template":"template-fullwidth.php","meta":[],"_links":{"self":[{"href":"https:\/\/www.security-one.com.mx\/index.php?rest_route=\/wp\/v2\/pages\/1675"}],"collection":[{"href":"https:\/\/www.security-one.com.mx\/index.php?rest_route=\/wp\/v2\/pages"}],"about":[{"href":"https:\/\/www.security-one.com.mx\/index.php?rest_route=\/wp\/v2\/types\/page"}],"author":[{"embeddable":true,"href":"https:\/\/www.security-one.com.mx\/index.php?rest_route=\/wp\/v2\/users\/4"}],"replies":[{"embeddable":true,"href":"https:\/\/www.security-one.com.mx\/index.php?rest_route=%2Fwp%2Fv2%2Fcomments&post=1675"}],"version-history":[{"count":6,"href":"https:\/\/www.security-one.com.mx\/index.php?rest_route=\/wp\/v2\/pages\/1675\/revisions"}],"predecessor-version":[{"id":2009,"href":"https:\/\/www.security-one.com.mx\/index.php?rest_route=\/wp\/v2\/pages\/1675\/revisions\/2009"}],"wp:featuredmedia":[{"embeddable":true,"href":"https:\/\/www.security-one.com.mx\/index.php?rest_route=\/wp\/v2\/media\/1935"}],"wp:attachment":[{"href":"https:\/\/www.security-one.com.mx\/index.php?rest_route=%2Fwp%2Fv2%2Fmedia&parent=1675"}],"curies":[{"name":"wp","href":"https:\/\/api.w.org\/{rel}","templated":true}]}}