{"id":1501,"date":"2019-10-02T23:45:12","date_gmt":"2019-10-02T23:45:12","guid":{"rendered":"http:\/\/192.168.111.70\/wordpress\/?page_id=1501"},"modified":"2024-02-19T18:34:57","modified_gmt":"2024-02-20T00:34:57","slug":"monitoreo-noc-soc","status":"publish","type":"page","link":"https:\/\/www.security-one.com.mx\/?page_id=1501","title":{"rendered":"Monitoreo NOC\/SOC"},"content":{"rendered":"\n<p><\/p>\n\n\n\n<h2><img loading=\"lazy\" width=\"18\" height=\"36\" class=\"wp-image-1633\" style=\"width: 18px;\" src=\"https:\/\/www.security-one.com.mx\/wp-content\/uploads\/2020\/08\/Bullet04.png\" alt=\"\">Network Operation Center (NOC)<\/h2>\n\n\n\n<p>Contamos con un Network Operation Center el cual es un \u00e1rea especializada en monitorizar, dar soporte y mantenimiento para solucionar los problemas en las redes de telecomunicaciones de una empresa en modo 7x24x365.<\/p>\n\n\n\n<p>Nuestro NOC esta acondicionado con la mejor tecnolog\u00eda que permite la visualizaci\u00f3n del comportamiento de diversas redes de comunicaci\u00f3n que est\u00e1n siendo monitoreadas en tiempo real, adem\u00e1s de contar con instalaciones y estaciones de trabajo con el m\u00e1s avanzado software para brindar una mejor administraci\u00f3n y desempe\u00f1o de las herramientas, cuenta con personal altamente calificado para llevar a cabo tareas como el administrar, supervisar, monitorear y mantener en \u00f3ptimas condiciones una red de Telecomunicaciones (TI).<\/p>\n\n\n\n<p>El NOC cuenta con la certificaci\u00f3n ISO 27001.<\/p>\n\n\n\n<hr class=\"wp-block-separator\"\/>\n\n\n\n<h2><img loading=\"lazy\" width=\"18\" height=\"36\" class=\"wp-image-1633\" style=\"width: 18px;\" src=\"https:\/\/www.security-one.com.mx\/wp-content\/uploads\/2020\/08\/Bullet04.png\" alt=\"\">Security Operation Center (SOC)<\/h2>\n\n\n\n<p>Nuestro Security Operation Center, nos permite brindar un monitoreo de los servicios de seguridad que operan en modo 7x24x365 por ingenieros altamente capacitados y  certificados en las tecnolog\u00edas y herramientas m\u00e1s actuales en la rama de seguridad inform\u00e1tica, quienes est\u00e1n pendientes de las tareas de monitoreo y protecci\u00f3n de los activos y recursos inform\u00e1ticos de los clientes, mientras verifican permanentemente toda actividad que pueda afectar real o potencialmente, a la normal operaci\u00f3n de las soluciones de IT utilizadas por el Cliente.<\/p>\n\n\n\n<p>El SOC cuenta con la certificaci\u00f3n ISO 27001.<\/p>\n\n\n\n<hr class=\"wp-block-separator\"\/>\n\n\n\n<p><strong>*<\/strong>Permite que <strong><a href=\"https:\/\/www.security-one.com.mx\/#contacto\" style=\"text-decoration: underline;\">nuestro equipo te asesore <\/a><\/strong>.<\/p>\n\n\n\n<hr class=\"wp-block-separator\"\/>\n\n\n\n<div style=\"margin-bottom:3em;\" class=\"wp-block-button\"><a class=\"wp-block-button__link has-text-color has-background back-to-top\" href=\"#page\" style=\"background-color:#4c4c4c;color:#ffffff;padding-top: 2px;padding-bottom: 2px;\">\u21e7<\/a><\/div>\n","protected":false},"excerpt":{"rendered":"<p>Network Operation Center \/ Security Operation Center.<\/p>\n","protected":false},"author":4,"featured_media":1931,"parent":0,"menu_order":0,"comment_status":"closed","ping_status":"closed","template":"template-fullwidth.php","meta":[],"_links":{"self":[{"href":"https:\/\/www.security-one.com.mx\/index.php?rest_route=\/wp\/v2\/pages\/1501"}],"collection":[{"href":"https:\/\/www.security-one.com.mx\/index.php?rest_route=\/wp\/v2\/pages"}],"about":[{"href":"https:\/\/www.security-one.com.mx\/index.php?rest_route=\/wp\/v2\/types\/page"}],"author":[{"embeddable":true,"href":"https:\/\/www.security-one.com.mx\/index.php?rest_route=\/wp\/v2\/users\/4"}],"replies":[{"embeddable":true,"href":"https:\/\/www.security-one.com.mx\/index.php?rest_route=%2Fwp%2Fv2%2Fcomments&post=1501"}],"version-history":[{"count":13,"href":"https:\/\/www.security-one.com.mx\/index.php?rest_route=\/wp\/v2\/pages\/1501\/revisions"}],"predecessor-version":[{"id":2007,"href":"https:\/\/www.security-one.com.mx\/index.php?rest_route=\/wp\/v2\/pages\/1501\/revisions\/2007"}],"wp:featuredmedia":[{"embeddable":true,"href":"https:\/\/www.security-one.com.mx\/index.php?rest_route=\/wp\/v2\/media\/1931"}],"wp:attachment":[{"href":"https:\/\/www.security-one.com.mx\/index.php?rest_route=%2Fwp%2Fv2%2Fmedia&parent=1501"}],"curies":[{"name":"wp","href":"https:\/\/api.w.org\/{rel}","templated":true}]}}