{"id":1499,"date":"2019-10-02T23:44:32","date_gmt":"2019-10-02T23:44:32","guid":{"rendered":"http:\/\/192.168.111.70\/wordpress\/?page_id=1499"},"modified":"2024-02-19T18:03:44","modified_gmt":"2024-02-20T00:03:44","slug":"cableado-estructurado","status":"publish","type":"page","link":"https:\/\/www.security-one.com.mx\/?page_id=1499","title":{"rendered":"Cableado Estructurado"},"content":{"rendered":"\n<h2><img loading=\"lazy\" width=\"18\" height=\"36\" class=\"wp-image-1633\" style=\"width: 18px;\" src=\"https:\/\/www.security-one.com.mx\/wp-content\/uploads\/2020\/08\/Bullet04.png\" alt=\"\">Cableado Estructurado<\/h2>\n\n\n\n<p>Es el tendido de cable de par trenzado UTP\/STP en el interior de una localidad con el prop\u00f3sito de implementar una red de \u00e1rea local.<\/p>\n\n\n\n<p>Definido por la norma EIA\/TIA 568-B como sistema de cableado horizontal de telecomunicaciones de se extiende desde el armario de telecomunicaciones hasta el puesto de trabajo. <\/p>\n\n\n\n<p>Ofrecemos una estructura de cableado que permita concentrar los servicios de voz, datos, CCTV, controles de acceso. Todo en una soluci\u00f3n global que cubra las principales necesidades, el cableado estructurado se implementa para el desarrollo de una plataforma que permita integrar los servicios mencionados a toda una infraestructura de comunicaciones privadas, la cual englobe diversos servicios de comunicaci\u00f3n para una red local. <\/p>\n\n\n\n<p>Brindar soluciones de conectividad a nuestros clientes es nuestra prioridad.<\/p>\n\n\n\n<hr class=\"wp-block-separator\"\/>\n\n\n\n<h2><img loading=\"lazy\" width=\"18\" height=\"36\" class=\"wp-image-1633\" style=\"width: 18px;\" src=\"https:\/\/www.security-one.com.mx\/wp-content\/uploads\/2020\/08\/Bullet04.png\" alt=\"\">Peinado<\/h2>\n\n\n\n<p>Una red de cableado estructurado debe de estar correctamente organizada e identificada de forma que cuando sea necesario realizar cualquier cambio con respecto a los puestos de trabajo, localizar puestos libres o verificar incidencias sea una tarea que se pueda realizar de forma f\u00e1cil y r\u00e1pida.<\/p>\n\n\n\n<hr class=\"wp-block-separator\"\/>\n\n\n\n<h2><img loading=\"lazy\" width=\"18\" height=\"36\" class=\"wp-image-1633\" style=\"width: 18px;\" src=\"https:\/\/www.security-one.com.mx\/wp-content\/uploads\/2020\/08\/Bullet04.png\" alt=\"\">Instalaci\u00f3n de nodos<\/h2>\n\n\n\n<p>Si ya cuenta con un cableado estructurado y necesita aumentar el n\u00famero de servicios, contamos con personal calificado para llevar a cabo la instalaci\u00f3n.<\/p>\n\n\n\n<hr class=\"wp-block-separator\"\/>\n\n\n\n<h2><img loading=\"lazy\" width=\"18\" height=\"36\" class=\"wp-image-1633\" style=\"width: 18px;\" src=\"https:\/\/www.security-one.com.mx\/wp-content\/uploads\/2020\/08\/Bullet04.png\" alt=\"\">Administraci\u00f3n de cableado<\/h2>\n\n\n\n<p>Apegados a las mejores pr\u00e1cticas del fabricante y respetando las normas nacionales e internacionales. Se aplica la administraci\u00f3n a la instalaci\u00f3n de cableado estructurado obteniendo diversos beneficios, que comprenden un est\u00e1ndar mundial en sistemas de comunicaciones con el fin de mantener el control de todo el pasivo de comunicaciones en los edificios.<\/p>\n\n\n\n<p>Un etiquetado espec\u00edfico a detalle como una manera de identificar el tipo de elemento de telecomunicaci\u00f3n que se est\u00e1 observando, la administraci\u00f3n de la documentaci\u00f3n de telecomunicaciones como m\u00e9todo para mantener las memorias t\u00e9cnicas actualizadas, mayor aprovechamiento en la implantaci\u00f3n y asimilaci\u00f3n de presentes y futuras tecnolog\u00edas para la competitividad, y con ello se facilita y agilizan las labores de mantenimiento.<\/p>\n\n\n\n<p><\/p>\n\n\n\n<hr class=\"wp-block-separator\"\/>\n\n\n\n<p><strong>*<\/strong>Permite que <strong><a href=\"https:\/\/www.security-one.com.mx\/#contacto\" style=\"text-decoration: underline;\">nuestro equipo te asesore <\/a><\/strong>.<\/p>\n\n\n\n<hr class=\"wp-block-separator\"\/>\n\n\n\n<div style=\"margin-bottom:3em;\" class=\"wp-block-button\"><a class=\"wp-block-button__link has-text-color has-background back-to-top\" href=\"#page\" style=\"background-color:#4c4c4c;color:#ffffff;padding-top: 2px;padding-bottom: 2px;\">\u21e7<\/a><\/div>\n","protected":false},"excerpt":{"rendered":"<p>Peinado, Instalaci\u00f3n de nodos, Administraci\u00f3n de cableado.<\/p>\n","protected":false},"author":4,"featured_media":1925,"parent":0,"menu_order":0,"comment_status":"closed","ping_status":"closed","template":"template-fullwidth.php","meta":[],"_links":{"self":[{"href":"https:\/\/www.security-one.com.mx\/index.php?rest_route=\/wp\/v2\/pages\/1499"}],"collection":[{"href":"https:\/\/www.security-one.com.mx\/index.php?rest_route=\/wp\/v2\/pages"}],"about":[{"href":"https:\/\/www.security-one.com.mx\/index.php?rest_route=\/wp\/v2\/types\/page"}],"author":[{"embeddable":true,"href":"https:\/\/www.security-one.com.mx\/index.php?rest_route=\/wp\/v2\/users\/4"}],"replies":[{"embeddable":true,"href":"https:\/\/www.security-one.com.mx\/index.php?rest_route=%2Fwp%2Fv2%2Fcomments&post=1499"}],"version-history":[{"count":11,"href":"https:\/\/www.security-one.com.mx\/index.php?rest_route=\/wp\/v2\/pages\/1499\/revisions"}],"predecessor-version":[{"id":2004,"href":"https:\/\/www.security-one.com.mx\/index.php?rest_route=\/wp\/v2\/pages\/1499\/revisions\/2004"}],"wp:featuredmedia":[{"embeddable":true,"href":"https:\/\/www.security-one.com.mx\/index.php?rest_route=\/wp\/v2\/media\/1925"}],"wp:attachment":[{"href":"https:\/\/www.security-one.com.mx\/index.php?rest_route=%2Fwp%2Fv2%2Fmedia&parent=1499"}],"curies":[{"name":"wp","href":"https:\/\/api.w.org\/{rel}","templated":true}]}}